{"id":1953,"date":"2023-01-31T09:42:35","date_gmt":"2023-01-31T08:42:35","guid":{"rendered":"https:\/\/holiday-kainz.com\/mallorca\/"},"modified":"2026-01-28T10:51:14","modified_gmt":"2026-01-28T09:51:14","slug":"mallorca","status":"publish","type":"page","link":"https:\/\/holiday-kainz.com\/de\/mallorca\/","title":{"rendered":"Mallorca"},"content":{"rendered":"\t\t<div data-elementor-type=\"wp-page\" data-elementor-id=\"1953\" class=\"elementor elementor-1953 elementor-351\" data-elementor-settings=\"{&quot;ha_cmc_init_switcher&quot;:&quot;no&quot;}\" data-elementor-post-type=\"page\">\n\t\t\t\t\t\t<section class=\"elementor-section elementor-top-section elementor-element elementor-element-5306da2b elementor-section-full_width elementor-section-height-default elementor-section-height-default\" data-id=\"5306da2b\" data-element_type=\"section\" data-e-type=\"section\" data-settings=\"{&quot;_ha_eqh_enable&quot;:false}\">\n\t\t\t\t\t\t<div class=\"elementor-container elementor-column-gap-no\">\n\t\t\t\t\t<div class=\"elementor-column elementor-col-50 elementor-top-column elementor-element elementor-element-33fcdd0c\" data-id=\"33fcdd0c\" data-element_type=\"column\" data-e-type=\"column\" data-settings=\"{&quot;background_background&quot;:&quot;classic&quot;}\">\n\t\t\t<div class=\"elementor-widget-wrap elementor-element-populated\">\n\t\t\t\t\t<div class=\"elementor-background-overlay\"><\/div>\n\t\t\t\t\t\t<section class=\"elementor-section elementor-inner-section elementor-element elementor-element-2cc6d508 elementor-section-full_width elementor-section-height-default elementor-section-height-default\" data-id=\"2cc6d508\" data-element_type=\"section\" data-e-type=\"section\" data-settings=\"{&quot;_ha_eqh_enable&quot;:false}\">\n\t\t\t\t\t\t<div class=\"elementor-container elementor-column-gap-no\">\n\t\t\t\t\t<div class=\"elementor-column elementor-col-100 elementor-inner-column elementor-element elementor-element-7ba28d43\" data-id=\"7ba28d43\" data-element_type=\"column\" data-e-type=\"column\">\n\t\t\t<div class=\"elementor-widget-wrap elementor-element-populated\">\n\t\t\t\t\t\t<div class=\"elementor-element elementor-element-28bab453 animated-slow elementor-invisible elementor-widget elementor-widget-heading\" data-id=\"28bab453\" data-element_type=\"widget\" data-e-type=\"widget\" data-settings=\"{&quot;_animation&quot;:&quot;fadeInRight&quot;,&quot;_animation_delay&quot;:400}\" data-widget_type=\"heading.default\">\n\t\t\t\t<div class=\"elementor-widget-container\">\n\t\t\t\t\t<h2 class=\"elementor-heading-title elementor-size-default\">Mallorca<\/h2>\t\t\t\t<\/div>\n\t\t\t\t<\/div>\n\t\t\t\t<div class=\"elementor-element elementor-element-8ec19ce elementor-widget elementor-widget-text-editor\" data-id=\"8ec19ce\" data-element_type=\"widget\" data-e-type=\"widget\" data-widget_type=\"text-editor.default\">\n\t\t\t\t<div class=\"elementor-widget-container\">\n\t\t\t\t\t\t\t\t\t<p>Diese wundersch\u00f6ne Insel ist ein Teil der Balearen.  <br>Wunderbares Klima, ausgezeichnetes Essen und freundliche Menschen.<\/p>\t\t\t\t\t\t\t\t<\/div>\n\t\t\t\t<\/div>\n\t\t\t\t<div class=\"elementor-element elementor-element-7ccd238 elementor-align-center elementor-widget elementor-widget-button\" data-id=\"7ccd238\" data-element_type=\"widget\" data-e-type=\"widget\" data-widget_type=\"button.default\">\n\t\t\t\t<div class=\"elementor-widget-container\">\n\t\t\t\t\t\t\t\t\t<div class=\"elementor-button-wrapper\">\n\t\t\t\t\t<a class=\"elementor-button elementor-button-link elementor-size-sm\" href=\"https:\/\/holiday-kainz.com\/de\/mallorca-haeuser\/\">\n\t\t\t\t\t\t<span class=\"elementor-button-content-wrapper\">\n\t\t\t\t\t\t\t\t\t<span class=\"elementor-button-text\">Zu den H\u00e4usern<\/span>\n\t\t\t\t\t<\/span>\n\t\t\t\t\t<\/a>\n\t\t\t\t<\/div>\n\t\t\t\t\t\t\t\t<\/div>\n\t\t\t\t<\/div>\n\t\t\t\t\t<\/div>\n\t\t<\/div>\n\t\t\t\t\t<\/div>\n\t\t<\/section>\n\t\t\t\t\t<\/div>\n\t\t<\/div>\n\t\t\t\t<div class=\"elementor-column elementor-col-50 elementor-top-column elementor-element elementor-element-7e409d19\" data-id=\"7e409d19\" data-element_type=\"column\" data-e-type=\"column\" data-settings=\"{&quot;background_background&quot;:&quot;classic&quot;}\">\n\t\t\t<div class=\"elementor-widget-wrap elementor-element-populated\">\n\t\t\t\t\t<div class=\"elementor-background-overlay\"><\/div>\n\t\t\t\t\t\t<section class=\"elementor-section elementor-inner-section elementor-element elementor-element-6173afa elementor-section-boxed elementor-section-height-default elementor-section-height-default\" data-id=\"6173afa\" data-element_type=\"section\" data-e-type=\"section\" data-settings=\"{&quot;_ha_eqh_enable&quot;:false}\">\n\t\t\t\t\t\t<div class=\"elementor-container elementor-column-gap-no\">\n\t\t\t\t\t<div class=\"elementor-column elementor-col-100 elementor-inner-column elementor-element elementor-element-343a1578\" data-id=\"343a1578\" data-element_type=\"column\" data-e-type=\"column\" data-settings=\"{&quot;background_background&quot;:&quot;classic&quot;}\">\n\t\t\t<div class=\"elementor-widget-wrap elementor-element-populated\">\n\t\t\t\t\t<div class=\"elementor-background-overlay\"><\/div>\n\t\t\t\t\t\t<div class=\"elementor-element elementor-element-72f7ebfe ha-has-bg-overlay elementor-widget elementor-widget-image\" data-id=\"72f7ebfe\" data-element_type=\"widget\" data-e-type=\"widget\" data-widget_type=\"image.default\">\n\t\t\t\t<div class=\"elementor-widget-container\">\n\t\t\t\t\t\t\t\t\t\t\t\t\t\t\t<img fetchpriority=\"high\" decoding=\"async\" width=\"1024\" height=\"768\" src=\"https:\/\/holiday-kainz.com\/wp-content\/uploads\/2023\/01\/cathedral-of-saint-mary-1740749_1920-1024x768-1.jpg\" class=\"attachment-full size-full wp-image-1457\" alt=\"\" srcset=\"https:\/\/holiday-kainz.com\/wp-content\/uploads\/2023\/01\/cathedral-of-saint-mary-1740749_1920-1024x768-1.jpg 1024w, https:\/\/holiday-kainz.com\/wp-content\/uploads\/2023\/01\/cathedral-of-saint-mary-1740749_1920-1024x768-1-300x225.jpg 300w, https:\/\/holiday-kainz.com\/wp-content\/uploads\/2023\/01\/cathedral-of-saint-mary-1740749_1920-1024x768-1-768x576.jpg 768w\" sizes=\"(max-width: 1024px) 100vw, 1024px\" \/>\t\t\t\t\t\t\t\t\t\t\t\t\t\t\t<\/div>\n\t\t\t\t<\/div>\n\t\t\t\t\t<\/div>\n\t\t<\/div>\n\t\t\t\t\t<\/div>\n\t\t<\/section>\n\t\t\t\t\t<\/div>\n\t\t<\/div>\n\t\t\t\t\t<\/div>\n\t\t<\/section>\n\t\t\t\t<section class=\"elementor-section elementor-top-section elementor-element elementor-element-5f853cbb elementor-section-boxed elementor-section-height-default elementor-section-height-default\" data-id=\"5f853cbb\" data-element_type=\"section\" data-e-type=\"section\" data-settings=\"{&quot;animation&quot;:&quot;none&quot;,&quot;_ha_eqh_enable&quot;:false}\">\n\t\t\t\t\t\t<div class=\"elementor-container elementor-column-gap-no\">\n\t\t\t\t\t<div class=\"elementor-column elementor-col-100 elementor-top-column elementor-element elementor-element-586dabad\" data-id=\"586dabad\" data-element_type=\"column\" data-e-type=\"column\">\n\t\t\t<div class=\"elementor-widget-wrap elementor-element-populated\">\n\t\t\t\t\t\t<div class=\"elementor-element elementor-element-659169b4 elementor-widget elementor-widget-heading\" data-id=\"659169b4\" data-element_type=\"widget\" data-e-type=\"widget\" data-widget_type=\"heading.default\">\n\t\t\t\t<div class=\"elementor-widget-container\">\n\t\t\t\t\t<span class=\"elementor-heading-title elementor-size-default\">\u00dcber Mallorca<\/span>\t\t\t\t<\/div>\n\t\t\t\t<\/div>\n\t\t\t\t<div class=\"elementor-element elementor-element-6a964b64 elementor-widget elementor-widget-text-editor\" data-id=\"6a964b64\" data-element_type=\"widget\" data-e-type=\"widget\" data-widget_type=\"text-editor.default\">\n\t\t\t\t<div class=\"elementor-widget-container\">\n\t\t\t\t\t\t\t\t\t<p>Trauminsel, auf der die Magie passiert<\/p>\t\t\t\t\t\t\t\t<\/div>\n\t\t\t\t<\/div>\n\t\t\t\t<div class=\"elementor-element elementor-element-c9c5b3c elementor-widget elementor-widget-text-editor\" data-id=\"c9c5b3c\" data-element_type=\"widget\" data-e-type=\"widget\" data-widget_type=\"text-editor.default\">\n\t\t\t\t<div class=\"elementor-widget-container\">\n\t\t\t\t\t\t\t\t\t<p>Die Insel Mallorca ist nicht sehr gro\u00df, aber sie ist vielf\u00e4ltig in Landschaft, Wohnen und Gesch\u00e4ftsaktivit\u00e4ten. Grunds\u00e4tzlich kenne ich die ganze Insel sehr gut, aber da ich selbst viele Jahre in Santa Ponca gelebt habe, kenne ich vor allem den S\u00fcdwesten am besten. Im Folgenden finden Sie eine kurze Einf\u00fchrung in die Insel. Der Link am Ende der Seite gibt Ihnen einen \u00dcberblick \u00fcber die aktuell verf\u00fcgbaren Immobilien. Gerne suche ich auch nach Ihren W\u00fcnschen und Anforderungen nach einem Standort oder einer Immobilie.<\/p>\t\t\t\t\t\t\t\t<\/div>\n\t\t\t\t<\/div>\n\t\t\t\t\t<\/div>\n\t\t<\/div>\n\t\t\t\t\t<\/div>\n\t\t<\/section>\n\t\t\t\t<section class=\"elementor-section elementor-inner-section elementor-element elementor-element-777e9d6f elementor-section-boxed elementor-section-height-default elementor-section-height-default\" data-id=\"777e9d6f\" data-element_type=\"section\" data-e-type=\"section\" data-settings=\"{&quot;_ha_eqh_enable&quot;:false}\">\n\t\t\t\t\t\t<div class=\"elementor-container elementor-column-gap-default\">\n\t\t\t\t\t<div class=\"elementor-column elementor-col-50 elementor-inner-column elementor-element elementor-element-1e5564dc elementor-invisible\" data-id=\"1e5564dc\" data-element_type=\"column\" data-e-type=\"column\" data-settings=\"{&quot;animation&quot;:&quot;fadeInLeft&quot;}\">\n\t\t\t<div class=\"elementor-widget-wrap elementor-element-populated\">\n\t\t\t\t\t\t<div class=\"elementor-element elementor-element-7d638ade elementor-widget elementor-widget-image\" data-id=\"7d638ade\" data-element_type=\"widget\" data-e-type=\"widget\" data-widget_type=\"image.default\">\n\t\t\t\t<div class=\"elementor-widget-container\">\n\t\t\t\t\t\t\t\t\t\t\t\t\t\t\t<img decoding=\"async\" width=\"960\" height=\"1280\" src=\"https:\/\/holiday-kainz.com\/wp-content\/uploads\/2023\/02\/sea-1582846_1280.jpg\" class=\"attachment-full size-full wp-image-1486\" alt=\"\" srcset=\"https:\/\/holiday-kainz.com\/wp-content\/uploads\/2023\/02\/sea-1582846_1280.jpg 960w, https:\/\/holiday-kainz.com\/wp-content\/uploads\/2023\/02\/sea-1582846_1280-225x300.jpg 225w, https:\/\/holiday-kainz.com\/wp-content\/uploads\/2023\/02\/sea-1582846_1280-768x1024.jpg 768w\" sizes=\"(max-width: 960px) 100vw, 960px\" \/>\t\t\t\t\t\t\t\t\t\t\t\t\t\t\t<\/div>\n\t\t\t\t<\/div>\n\t\t\t\t\t<\/div>\n\t\t<\/div>\n\t\t\t\t<div class=\"elementor-column elementor-col-50 elementor-inner-column elementor-element elementor-element-4ae91464 elementor-invisible\" data-id=\"4ae91464\" data-element_type=\"column\" data-e-type=\"column\" data-settings=\"{&quot;background_background&quot;:&quot;classic&quot;,&quot;animation&quot;:&quot;fadeInRight&quot;}\">\n\t\t\t<div class=\"elementor-widget-wrap elementor-element-populated\">\n\t\t\t\t\t\t<div class=\"elementor-element elementor-element-1d1a276e elementor-widget elementor-widget-heading\" data-id=\"1d1a276e\" data-element_type=\"widget\" data-e-type=\"widget\" data-widget_type=\"heading.default\">\n\t\t\t\t<div class=\"elementor-widget-container\">\n\t\t\t\t\t<h3 class=\"elementor-heading-title elementor-size-default\">Mallorca<\/h3>\t\t\t\t<\/div>\n\t\t\t\t<\/div>\n\t\t\t\t<div class=\"elementor-element elementor-element-542b1695 elementor-widget elementor-widget-text-editor\" data-id=\"542b1695\" data-element_type=\"widget\" data-e-type=\"widget\" data-widget_type=\"text-editor.default\">\n\t\t\t\t<div class=\"elementor-widget-container\">\n\t\t\t\t\t\t\t\t\t<p>Das spanische Palma de Mallorca ist die Hauptstadt Mallorcas und des Archipels der Islas Baleares (einschlie\u00dflich der Inseln Ibizi und Menorca). Es ist eine Stadt mit mehr als 400 Tausend Einwohnern (die achtgr\u00f6\u00dfte Stadt Spaniens) und ihre Geschichte reicht bis zu den R\u00f6mern zur\u00fcck, die die Insel 120 v. Chr. eroberten und die Stadt Palma gr\u00fcndeten. Von dieser Zeit ist auf der Insel kaum noch etwas \u00fcbrig. Der Name Palma stammt aus dem 13. Jahrhundert des damaligen K\u00f6nigs Jakob I. von Aragonien, der die Insel von den Mauren zur\u00fcckeroberte. Heute ist diese Hafenstadt der Stolz Mallorcas.<\/p>\t\t\t\t\t\t\t\t<\/div>\n\t\t\t\t<\/div>\n\t\t\t\t\t<\/div>\n\t\t<\/div>\n\t\t\t\t\t<\/div>\n\t\t<\/section>\n\t\t\t\t<section class=\"elementor-section elementor-inner-section elementor-element elementor-element-16a1fef7 elementor-reverse-mobile elementor-section-boxed elementor-section-height-default elementor-section-height-default\" data-id=\"16a1fef7\" data-element_type=\"section\" data-e-type=\"section\" data-settings=\"{&quot;_ha_eqh_enable&quot;:false}\">\n\t\t\t\t\t\t<div class=\"elementor-container elementor-column-gap-default\">\n\t\t\t\t\t<div class=\"elementor-column elementor-col-50 elementor-inner-column elementor-element elementor-element-49b9c5d9 elementor-invisible\" data-id=\"49b9c5d9\" data-element_type=\"column\" data-e-type=\"column\" data-settings=\"{&quot;background_background&quot;:&quot;classic&quot;,&quot;animation&quot;:&quot;fadeInLeft&quot;}\">\n\t\t\t<div class=\"elementor-widget-wrap elementor-element-populated\">\n\t\t\t\t\t\t<div class=\"elementor-element elementor-element-54a31c91 elementor-widget elementor-widget-heading\" data-id=\"54a31c91\" data-element_type=\"widget\" data-e-type=\"widget\" data-widget_type=\"heading.default\">\n\t\t\t\t<div class=\"elementor-widget-container\">\n\t\t\t\t\t<h3 class=\"elementor-heading-title elementor-size-default\">Kulturelle Aktivit\u00e4ten<\/h3>\t\t\t\t<\/div>\n\t\t\t\t<\/div>\n\t\t\t\t<div class=\"elementor-element elementor-element-4c70463c elementor-widget elementor-widget-text-editor\" data-id=\"4c70463c\" data-element_type=\"widget\" data-e-type=\"widget\" data-widget_type=\"text-editor.default\">\n\t\t\t\t<div class=\"elementor-widget-container\">\n\t\t\t\t\t\t\t\t\t<p>In der Stadt Palma de Mallorca gibt es mehrere Sehensw\u00fcrdigkeiten wie die Kathedrale aus dem 13. Jahrhundert und einen Palast der k\u00f6niglichen Familie von Spanien, sowie das gro\u00dfe und gut erhaltene Stadtzentrum mit vielen kleinen Gassen, sch\u00f6nen Gesch\u00e4ften und vielen Terrassen. F\u00fcr die meisten Touristen wird eine St\u00e4dtereise nach Palma de Mallorca nicht das Hauptziel sein, aber w\u00e4hrend eines Strand- und\/oder Natururlaubs auf Mallorca ist es definitiv eine sch\u00f6ne Abwechslung und empfehlenswert, die Hauptstadt zu besuchen. Mit bis zu 10 Millionen Besuchern pro Jahr ist die Insel ein echter Touristenmagnet. Da die Attraktionen von Palma de Mallorca in angemessener Entfernung voneinander liegen, m\u00fcssen Sie die \u00f6ffentlichen Verkehrsmittel benutzen. Sie haben mehrere Optionen wie ein gutes Netz von Bussen und U-Bahn, aber noch einfacher ist der touristische Hop-on-Hop-off-Bus mit 20 Haltestellen, dessen Tickets Sie bequem im Voraus bestellen k\u00f6nnen. Eine weitere M\u00f6glichkeit ist die &#8222;Galera&#8220;, eine Pferdekutsche, in der der Kutscher Ihnen von den vielen Sehensw\u00fcrdigkeiten erz\u00e4hlt, die Sie unterwegs sehen werden. Die Stadt ist auch perfekt, um mit dem Fahrrad zu erkunden; Hier k\u00f6nnen Sie sogar komplett organisierte Fahrradtouren buchen, um die Stadt zu entdecken.<\/p>\t\t\t\t\t\t\t\t<\/div>\n\t\t\t\t<\/div>\n\t\t\t\t\t<\/div>\n\t\t<\/div>\n\t\t\t\t<div class=\"elementor-column elementor-col-50 elementor-inner-column elementor-element elementor-element-1b601435\" data-id=\"1b601435\" data-element_type=\"column\" data-e-type=\"column\">\n\t\t\t<div class=\"elementor-widget-wrap elementor-element-populated\">\n\t\t\t\t\t\t<div class=\"elementor-element elementor-element-617af91f elementor-invisible elementor-widget elementor-widget-image\" data-id=\"617af91f\" data-element_type=\"widget\" data-e-type=\"widget\" data-settings=\"{&quot;_animation&quot;:&quot;fadeInRight&quot;}\" data-widget_type=\"image.default\">\n\t\t\t\t<div class=\"elementor-widget-container\">\n\t\t\t\t\t\t\t\t\t\t\t\t\t\t\t<img decoding=\"async\" width=\"1280\" height=\"1920\" src=\"https:\/\/holiday-kainz.com\/wp-content\/uploads\/2023\/02\/mallorca-76239_1920.jpg\" class=\"attachment-full size-full wp-image-1484\" alt=\"\" srcset=\"https:\/\/holiday-kainz.com\/wp-content\/uploads\/2023\/02\/mallorca-76239_1920.jpg 1280w, https:\/\/holiday-kainz.com\/wp-content\/uploads\/2023\/02\/mallorca-76239_1920-200x300.jpg 200w, https:\/\/holiday-kainz.com\/wp-content\/uploads\/2023\/02\/mallorca-76239_1920-683x1024.jpg 683w, https:\/\/holiday-kainz.com\/wp-content\/uploads\/2023\/02\/mallorca-76239_1920-768x1152.jpg 768w, https:\/\/holiday-kainz.com\/wp-content\/uploads\/2023\/02\/mallorca-76239_1920-1024x1536.jpg 1024w\" sizes=\"(max-width: 1280px) 100vw, 1280px\" \/>\t\t\t\t\t\t\t\t\t\t\t\t\t\t\t<\/div>\n\t\t\t\t<\/div>\n\t\t\t\t\t<\/div>\n\t\t<\/div>\n\t\t\t\t\t<\/div>\n\t\t<\/section>\n\t\t\t\t<section class=\"elementor-section elementor-inner-section elementor-element elementor-element-1def6f23 elementor-section-boxed elementor-section-height-default elementor-section-height-default\" data-id=\"1def6f23\" data-element_type=\"section\" data-e-type=\"section\" data-settings=\"{&quot;_ha_eqh_enable&quot;:false}\">\n\t\t\t\t\t\t<div class=\"elementor-container elementor-column-gap-default\">\n\t\t\t\t\t<div class=\"elementor-column elementor-col-50 elementor-inner-column elementor-element elementor-element-5e75d916 elementor-invisible\" data-id=\"5e75d916\" data-element_type=\"column\" data-e-type=\"column\" data-settings=\"{&quot;animation&quot;:&quot;fadeInLeft&quot;}\">\n\t\t\t<div class=\"elementor-widget-wrap elementor-element-populated\">\n\t\t\t\t\t\t<div class=\"elementor-element elementor-element-12133066 elementor-widget elementor-widget-image\" data-id=\"12133066\" data-element_type=\"widget\" data-e-type=\"widget\" data-widget_type=\"image.default\">\n\t\t\t\t<div class=\"elementor-widget-container\">\n\t\t\t\t\t\t\t\t\t\t\t\t\t\t\t<img loading=\"lazy\" decoding=\"async\" width=\"960\" height=\"1280\" src=\"https:\/\/holiday-kainz.com\/wp-content\/uploads\/2023\/02\/stairs-500300_1280.jpg\" class=\"attachment-2048x2048 size-2048x2048 wp-image-1487\" alt=\"\" srcset=\"https:\/\/holiday-kainz.com\/wp-content\/uploads\/2023\/02\/stairs-500300_1280.jpg 960w, https:\/\/holiday-kainz.com\/wp-content\/uploads\/2023\/02\/stairs-500300_1280-225x300.jpg 225w, https:\/\/holiday-kainz.com\/wp-content\/uploads\/2023\/02\/stairs-500300_1280-768x1024.jpg 768w\" sizes=\"(max-width: 960px) 100vw, 960px\" \/>\t\t\t\t\t\t\t\t\t\t\t\t\t\t\t<\/div>\n\t\t\t\t<\/div>\n\t\t\t\t\t<\/div>\n\t\t<\/div>\n\t\t\t\t<div class=\"elementor-column elementor-col-50 elementor-inner-column elementor-element elementor-element-2ae73647 elementor-invisible\" data-id=\"2ae73647\" data-element_type=\"column\" data-e-type=\"column\" data-settings=\"{&quot;background_background&quot;:&quot;classic&quot;,&quot;animation&quot;:&quot;fadeInRight&quot;}\">\n\t\t\t<div class=\"elementor-widget-wrap elementor-element-populated\">\n\t\t\t\t\t\t<div class=\"elementor-element elementor-element-92068ef elementor-widget elementor-widget-heading\" data-id=\"92068ef\" data-element_type=\"widget\" data-e-type=\"widget\" data-widget_type=\"heading.default\">\n\t\t\t\t<div class=\"elementor-widget-container\">\n\t\t\t\t\t<h3 class=\"elementor-heading-title elementor-size-default\">Sch\u00f6ne Gegend<\/h3>\t\t\t\t<\/div>\n\t\t\t\t<\/div>\n\t\t\t\t<div class=\"elementor-element elementor-element-66f28932 elementor-widget elementor-widget-text-editor\" data-id=\"66f28932\" data-element_type=\"widget\" data-e-type=\"widget\" data-widget_type=\"text-editor.default\">\n\t\t\t\t<div class=\"elementor-widget-container\">\n\t\t\t\t\t\t\t\t\t<p>Grunds\u00e4tzlich kann man Mallorca in drei Regionen einteilen, jede mit ihrem eigenen Charakter. Der Westen bis Nordwesten Mallorcas. Hier finden Sie das Tramuntana-Gebirge mit vielen nat\u00fcrlichen Sch\u00f6nheiten und authentischen spanischen D\u00f6rfern wie Valldemossa, S\u00f3ller, Fornalutx und Dei\u00e0. Die zweite Region ist Alc\u00fadia im Nordnordosten mit seinen langen wei\u00dfen Str\u00e4nden und der g\u00fcnstigen Lage f\u00fcr Ausfl\u00fcge oder einen Roadtrip. Schlie\u00dflich haben Sie die Ostk\u00fcste Mallorcas &#8211; beliebt f\u00fcr ihre sch\u00f6nen Buchten mit sch\u00f6nen &#8211; zwischen den Felsenstr\u00e4nden und vielen Touristenorten. Der S\u00fcden Mallorcas ist vor allem f\u00fcr die Stadt El Arenal, die Playa de Palma und die Hauptstadt Palma de Mallorca bekannt. Das zentrale Interieur ist flach und nicht wirklich faszinierend, um als Tourist durchzureisen.<\/p><p>Die Insel Mallorca ist ein vielseitiges Urlaubsziel mit t\u00fcrkisblauem Meer, wei\u00dfen Str\u00e4nden, felsenumrandeten Buchten (Calas), schroffen Bergen, malerischen Sandsteind\u00f6rfern und einer lebendigen Hauptstadt. Wenn Sie planen, die Sch\u00f6nheit Mallorcas zu erkunden, finden Sie hier heraus, welche Seite Mallorcas die sch\u00f6nste ist.<\/p>\t\t\t\t\t\t\t\t<\/div>\n\t\t\t\t<\/div>\n\t\t\t\t\t<\/div>\n\t\t<\/div>\n\t\t\t\t\t<\/div>\n\t\t<\/section>\n\t\t\t\t<section class=\"elementor-section elementor-top-section elementor-element elementor-element-db3d206 elementor-section-boxed elementor-section-height-default elementor-section-height-default\" data-id=\"db3d206\" data-element_type=\"section\" data-e-type=\"section\" data-settings=\"{&quot;animation&quot;:&quot;none&quot;,&quot;_ha_eqh_enable&quot;:false}\">\n\t\t\t\t\t\t<div class=\"elementor-container elementor-column-gap-no\">\n\t\t\t\t\t<div class=\"elementor-column elementor-col-100 elementor-top-column elementor-element elementor-element-66b05a5\" data-id=\"66b05a5\" data-element_type=\"column\" data-e-type=\"column\">\n\t\t\t<div class=\"elementor-widget-wrap elementor-element-populated\">\n\t\t\t\t\t\t<div class=\"elementor-element elementor-element-4bf3d1e elementor-widget elementor-widget-heading\" data-id=\"4bf3d1e\" data-element_type=\"widget\" data-e-type=\"widget\" data-widget_type=\"heading.default\">\n\t\t\t\t<div class=\"elementor-widget-container\">\n\t\t\t\t\t<span class=\"elementor-heading-title elementor-size-default\">\u00dcbersicht verf\u00fcgbare H\u00e4user<\/span>\t\t\t\t<\/div>\n\t\t\t\t<\/div>\n\t\t\t\t<div class=\"elementor-element elementor-element-7a45b0a elementor-widget elementor-widget-text-editor\" data-id=\"7a45b0a\" data-element_type=\"widget\" data-e-type=\"widget\" data-widget_type=\"text-editor.default\">\n\t\t\t\t<div class=\"elementor-widget-container\">\n\t\t\t\t\t\t\t\t\t<p>Klicken Sie auf den Button, um zu unseren H\u00e4usern zu gelangen<\/p>\t\t\t\t\t\t\t\t<\/div>\n\t\t\t\t<\/div>\n\t\t\t\t<div class=\"elementor-element elementor-element-4461b6e elementor-widget elementor-widget-text-editor\" data-id=\"4461b6e\" data-element_type=\"widget\" data-e-type=\"widget\" data-widget_type=\"text-editor.default\">\n\t\t\t\t<div class=\"elementor-widget-container\">\n\t\t\t\t\t\t\t\t\t<p>\u00dcber den Link erhalten Sie einen \u00dcberblick \u00fcber die aktuell verf\u00fcgbaren Immobilien. Gerne suche ich auch nach Ihren W\u00fcnschen und Anforderungen nach einem Standort oder einer Immobilie.<\/p>\t\t\t\t\t\t\t\t<\/div>\n\t\t\t\t<\/div>\n\t\t\t\t<div class=\"elementor-element elementor-element-65bcace elementor-align-center elementor-widget elementor-widget-button\" data-id=\"65bcace\" data-element_type=\"widget\" data-e-type=\"widget\" data-widget_type=\"button.default\">\n\t\t\t\t<div class=\"elementor-widget-container\">\n\t\t\t\t\t\t\t\t\t<div class=\"elementor-button-wrapper\">\n\t\t\t\t\t<a class=\"elementor-button elementor-button-link elementor-size-sm\" href=\"https:\/\/holiday-kainz.com\/de\/mallorca-haeuser\/\">\n\t\t\t\t\t\t<span class=\"elementor-button-content-wrapper\">\n\t\t\t\t\t\t\t\t\t<span class=\"elementor-button-text\">Zu den H\u00e4usern<\/span>\n\t\t\t\t\t<\/span>\n\t\t\t\t\t<\/a>\n\t\t\t\t<\/div>\n\t\t\t\t\t\t\t\t<\/div>\n\t\t\t\t<\/div>\n\t\t\t\t\t<\/div>\n\t\t<\/div>\n\t\t\t\t\t<\/div>\n\t\t<\/section>\n\t\t\t\t<\/div>\n\t\t","protected":false},"excerpt":{"rendered":"<p>Mallorca Diese wundersch\u00f6ne Insel ist ein Teil der Balearen. Wunderbares Klima, ausgezeichnetes Essen und freundliche Menschen. Zu den H\u00e4usern \u00dcber Mallorca Trauminsel, auf der die Magie passiert Die Insel Mallorca ist nicht sehr gro\u00df, aber sie ist vielf\u00e4ltig in Landschaft, Wohnen und Gesch\u00e4ftsaktivit\u00e4ten. Grunds\u00e4tzlich kenne ich die ganze Insel sehr gut, aber da ich selbst [&hellip;]<\/p>\n","protected":false},"author":1,"featured_media":0,"parent":0,"menu_order":0,"comment_status":"closed","ping_status":"closed","template":"elementor_header_footer","meta":{"footnotes":""},"class_list":["post-1953","page","type-page","status-publish","hentry"],"_links":{"self":[{"href":"https:\/\/holiday-kainz.com\/de\/wp-json\/wp\/v2\/pages\/1953","targetHints":{"allow":["GET"]}}],"collection":[{"href":"https:\/\/holiday-kainz.com\/de\/wp-json\/wp\/v2\/pages"}],"about":[{"href":"https:\/\/holiday-kainz.com\/de\/wp-json\/wp\/v2\/types\/page"}],"author":[{"embeddable":true,"href":"https:\/\/holiday-kainz.com\/de\/wp-json\/wp\/v2\/users\/1"}],"replies":[{"embeddable":true,"href":"https:\/\/holiday-kainz.com\/de\/wp-json\/wp\/v2\/comments?post=1953"}],"version-history":[{"count":4,"href":"https:\/\/holiday-kainz.com\/de\/wp-json\/wp\/v2\/pages\/1953\/revisions"}],"predecessor-version":[{"id":2829,"href":"https:\/\/holiday-kainz.com\/de\/wp-json\/wp\/v2\/pages\/1953\/revisions\/2829"}],"wp:attachment":[{"href":"https:\/\/holiday-kainz.com\/de\/wp-json\/wp\/v2\/media?parent=1953"}],"curies":[{"name":"wp","href":"https:\/\/api.w.org\/{rel}","templated":true}]}}