{"id":1963,"date":"2023-02-11T11:05:53","date_gmt":"2023-02-11T10:05:53","guid":{"rendered":"https:\/\/holiday-kainz.com\/dienstleistungen\/"},"modified":"2023-10-30T08:40:36","modified_gmt":"2023-10-30T07:40:36","slug":"dienstleistungen","status":"publish","type":"page","link":"https:\/\/holiday-kainz.com\/de\/dienstleistungen\/","title":{"rendered":"Dienstleistungen"},"content":{"rendered":"\t\t<div data-elementor-type=\"wp-page\" data-elementor-id=\"1963\" class=\"elementor elementor-1963 elementor-1037\" data-elementor-settings=\"{&quot;ha_cmc_init_switcher&quot;:&quot;no&quot;}\" data-elementor-post-type=\"page\">\n\t\t\t\t\t\t<section class=\"elementor-section elementor-top-section elementor-element elementor-element-5306da2b elementor-section-full_width elementor-section-height-default elementor-section-height-default\" data-id=\"5306da2b\" data-element_type=\"section\" data-e-type=\"section\" data-settings=\"{&quot;_ha_eqh_enable&quot;:false}\">\n\t\t\t\t\t\t<div class=\"elementor-container elementor-column-gap-no\">\n\t\t\t\t\t<div class=\"elementor-column elementor-col-50 elementor-top-column elementor-element elementor-element-33fcdd0c\" data-id=\"33fcdd0c\" data-element_type=\"column\" data-e-type=\"column\" data-settings=\"{&quot;background_background&quot;:&quot;classic&quot;}\">\n\t\t\t<div class=\"elementor-widget-wrap elementor-element-populated\">\n\t\t\t\t\t<div class=\"elementor-background-overlay\"><\/div>\n\t\t\t\t\t\t<section class=\"elementor-section elementor-inner-section elementor-element elementor-element-2cc6d508 elementor-section-full_width elementor-section-height-default elementor-section-height-default\" data-id=\"2cc6d508\" data-element_type=\"section\" data-e-type=\"section\" data-settings=\"{&quot;_ha_eqh_enable&quot;:false}\">\n\t\t\t\t\t\t<div class=\"elementor-container elementor-column-gap-no\">\n\t\t\t\t\t<div class=\"elementor-column elementor-col-100 elementor-inner-column elementor-element elementor-element-7ba28d43\" data-id=\"7ba28d43\" data-element_type=\"column\" data-e-type=\"column\">\n\t\t\t<div class=\"elementor-widget-wrap elementor-element-populated\">\n\t\t\t\t\t\t<div class=\"elementor-element elementor-element-28bab453 animated-slow elementor-invisible elementor-widget elementor-widget-heading\" data-id=\"28bab453\" data-element_type=\"widget\" data-e-type=\"widget\" data-settings=\"{&quot;_animation&quot;:&quot;fadeInRight&quot;,&quot;_animation_delay&quot;:400}\" data-widget_type=\"heading.default\">\n\t\t\t\t<div class=\"elementor-widget-container\">\n\t\t\t\t\t<h2 class=\"elementor-heading-title elementor-size-default\">Dienstleistungen<\/h2>\t\t\t\t<\/div>\n\t\t\t\t<\/div>\n\t\t\t\t<div class=\"elementor-element elementor-element-8ec19ce elementor-widget elementor-widget-text-editor\" data-id=\"8ec19ce\" data-element_type=\"widget\" data-e-type=\"widget\" data-widget_type=\"text-editor.default\">\n\t\t\t\t<div class=\"elementor-widget-container\">\n\t\t\t\t\t\t\t\t\t<p>Wir k\u00f6nnen Sie als Eigent\u00fcmer auf verschiedene Weise unterst\u00fctzen.<\/p>\n\t\t\t\t\t\t\t\t<\/div>\n\t\t\t\t<\/div>\n\t\t\t\t\t<\/div>\n\t\t<\/div>\n\t\t\t\t\t<\/div>\n\t\t<\/section>\n\t\t\t\t\t<\/div>\n\t\t<\/div>\n\t\t\t\t<div class=\"elementor-column elementor-col-50 elementor-top-column elementor-element elementor-element-7e409d19\" data-id=\"7e409d19\" data-element_type=\"column\" data-e-type=\"column\" data-settings=\"{&quot;background_background&quot;:&quot;classic&quot;}\">\n\t\t\t<div class=\"elementor-widget-wrap elementor-element-populated\">\n\t\t\t\t\t<div class=\"elementor-background-overlay\"><\/div>\n\t\t\t\t\t\t<section class=\"elementor-section elementor-inner-section elementor-element elementor-element-6173afa elementor-section-boxed elementor-section-height-default elementor-section-height-default\" data-id=\"6173afa\" data-element_type=\"section\" data-e-type=\"section\" data-settings=\"{&quot;_ha_eqh_enable&quot;:false}\">\n\t\t\t\t\t\t<div class=\"elementor-container elementor-column-gap-no\">\n\t\t\t\t\t<div class=\"elementor-column elementor-col-100 elementor-inner-column elementor-element elementor-element-343a1578\" data-id=\"343a1578\" data-element_type=\"column\" data-e-type=\"column\" data-settings=\"{&quot;background_background&quot;:&quot;classic&quot;}\">\n\t\t\t<div class=\"elementor-widget-wrap elementor-element-populated\">\n\t\t\t\t\t<div class=\"elementor-background-overlay\"><\/div>\n\t\t\t\t\t\t<div class=\"elementor-element elementor-element-72f7ebfe ha-has-bg-overlay elementor-widget elementor-widget-image\" data-id=\"72f7ebfe\" data-element_type=\"widget\" data-e-type=\"widget\" data-widget_type=\"image.default\">\n\t\t\t\t<div class=\"elementor-widget-container\">\n\t\t\t\t\t\t\t\t\t\t\t\t\t\t\t<img fetchpriority=\"high\" decoding=\"async\" width=\"768\" height=\"431\" src=\"https:\/\/holiday-kainz.com\/wp-content\/uploads\/2023\/02\/Bureau-met-laptop-768x431.png\" class=\"attachment-medium_large size-medium_large wp-image-1501\" alt=\"\" srcset=\"https:\/\/holiday-kainz.com\/wp-content\/uploads\/2023\/02\/Bureau-met-laptop-768x431.png 768w, https:\/\/holiday-kainz.com\/wp-content\/uploads\/2023\/02\/Bureau-met-laptop-300x168.png 300w, https:\/\/holiday-kainz.com\/wp-content\/uploads\/2023\/02\/Bureau-met-laptop.png 1024w\" sizes=\"(max-width: 768px) 100vw, 768px\" \/>\t\t\t\t\t\t\t\t\t\t\t\t\t\t\t<\/div>\n\t\t\t\t<\/div>\n\t\t\t\t\t<\/div>\n\t\t<\/div>\n\t\t\t\t\t<\/div>\n\t\t<\/section>\n\t\t\t\t\t<\/div>\n\t\t<\/div>\n\t\t\t\t\t<\/div>\n\t\t<\/section>\n\t\t\t\t<section class=\"elementor-section elementor-top-section elementor-element elementor-element-db3d206 elementor-section-boxed elementor-section-height-default elementor-section-height-default\" data-id=\"db3d206\" data-element_type=\"section\" data-e-type=\"section\" data-settings=\"{&quot;animation&quot;:&quot;none&quot;,&quot;_ha_eqh_enable&quot;:false}\">\n\t\t\t\t\t\t<div class=\"elementor-container elementor-column-gap-no\">\n\t\t\t\t\t<div class=\"elementor-column elementor-col-100 elementor-top-column elementor-element elementor-element-66b05a5\" data-id=\"66b05a5\" data-element_type=\"column\" data-e-type=\"column\">\n\t\t\t<div class=\"elementor-widget-wrap elementor-element-populated\">\n\t\t\t\t\t\t<div class=\"elementor-element elementor-element-4bf3d1e elementor-widget elementor-widget-heading\" data-id=\"4bf3d1e\" data-element_type=\"widget\" data-e-type=\"widget\" data-widget_type=\"heading.default\">\n\t\t\t\t<div class=\"elementor-widget-container\">\n\t\t\t\t\t<span class=\"elementor-heading-title elementor-size-default\">Wir k\u00fcmmern uns um Ihre Immobilie<\/span>\t\t\t\t<\/div>\n\t\t\t\t<\/div>\n\t\t\t\t<div class=\"elementor-element elementor-element-7a45b0a elementor-widget elementor-widget-text-editor\" data-id=\"7a45b0a\" data-element_type=\"widget\" data-e-type=\"widget\" data-widget_type=\"text-editor.default\">\n\t\t\t\t<div class=\"elementor-widget-container\">\n\t\t\t\t\t\t\t\t\t<p>Bitte kontaktieren Sie mich f\u00fcr weitere Informationen<\/p>\n\t\t\t\t\t\t\t\t<\/div>\n\t\t\t\t<\/div>\n\t\t\t\t<div class=\"elementor-element elementor-element-4461b6e elementor-widget elementor-widget-text-editor\" data-id=\"4461b6e\" data-element_type=\"widget\" data-e-type=\"widget\" data-widget_type=\"text-editor.default\">\n\t\t\t\t<div class=\"elementor-widget-container\">\n\t\t\t\t\t\t\t\t\t<p>Durch intelligentes Management, modernes Marketing und sinnvoll erstellte Renovierungskonzepte, <br \/>verbessern wir die finanzielle Rendite Ihres Hauses, basieren auf dem Wunsch zu vermieten oder zu verkaufen.<\/p>\n\t\t\t\t\t\t\t\t<\/div>\n\t\t\t\t<\/div>\n\t\t\t\t\t<\/div>\n\t\t<\/div>\n\t\t\t\t\t<\/div>\n\t\t<\/section>\n\t\t<div class=\"elementor-element elementor-element-be7d94d e-flex e-con-boxed e-con e-parent\" data-id=\"be7d94d\" data-element_type=\"container\" data-e-type=\"container\" data-settings=\"{&quot;_ha_eqh_enable&quot;:false}\">\n\t\t\t\t\t<div class=\"e-con-inner\">\n\t\t<div class=\"elementor-element elementor-element-ac79bae e-con-full e-flex e-con e-child\" data-id=\"ac79bae\" data-element_type=\"container\" data-e-type=\"container\" data-settings=\"{&quot;background_background&quot;:&quot;classic&quot;,&quot;_ha_eqh_enable&quot;:false}\">\n\t\t\t\t<\/div>\n\t\t<div class=\"elementor-element elementor-element-3554484 e-con-full e-flex e-con e-child\" data-id=\"3554484\" data-element_type=\"container\" data-e-type=\"container\" data-settings=\"{&quot;_ha_eqh_enable&quot;:false}\">\n\t\t\t\t<div class=\"elementor-element elementor-element-22be244 elementor-widget__width-initial elementor-widget elementor-widget-heading\" data-id=\"22be244\" data-element_type=\"widget\" data-e-type=\"widget\" data-widget_type=\"heading.default\">\n\t\t\t\t<div class=\"elementor-widget-container\">\n\t\t\t\t\t<h3 class=\"elementor-heading-title elementor-size-default\">Beratung<\/h3>\t\t\t\t<\/div>\n\t\t\t\t<\/div>\n\t\t\t\t<div class=\"elementor-element elementor-element-6876b4f elementor-widget elementor-widget-text-editor\" data-id=\"6876b4f\" data-element_type=\"widget\" data-e-type=\"widget\" data-widget_type=\"text-editor.default\">\n\t\t\t\t<div class=\"elementor-widget-container\">\n\t\t\t\t\t\t\t\t\t<p><strong>Sparen Sie Zeit und Nerven!<\/strong> <br \/>Sie k\u00f6nnen mir einfach einen Suchauftrag geben und ich finde die passende Immobilie f\u00fcr Sie, auch in Zusammenarbeit mit anderen Agenturen. Ich kann die Immobilien w\u00e4hrend Ihrer Abwesenheit vorsortieren und realistisch nach Ihren Wunschkriterien einsch\u00e4tzen, so dass Sie dann nur noch die wirklich sinnvollen Objekte vor Ort besichtigen m\u00fcssen.<\/p>\n<p>Ich kann Sie auch bei der Besichtigung von Immobilien begleiten, die Sie m\u00f6glicherweise selbst im Internet gefunden haben und Ihnen die Vor- und Nachteile aus meiner Sicht aufzeigen. Mein Honorar hierf\u00fcr wird auf Stundenbasis oder, im Falle der Zusammenarbeit mit einer anderen Agentur, auf Provisionsbasis berechnet.<\/p>\n<p><strong>Wer zahlt die Vermittlungsgeb\u00fchren auf Mallorca?<\/strong><br \/>Nach dem neuen Gesetz (ley 12\/2023) ist der Eigent\u00fcmer f\u00fcr die Zahlung der Vermittlungsgeb\u00fchr bei Vertr\u00e4gen \u00fcber ein Jahr verantwortlich. Bei Vertr\u00e4gen mit einer Laufzeit von weniger als einem Jahr ist der Mieter f\u00fcr die Zahlung der Vermittlungsgeb\u00fchr verantwortlich. Im Falle eines Verkaufs ist es immer der Eigent\u00fcmer, der die Provision zahlen muss.<\/p>\n\t\t\t\t\t\t\t\t<\/div>\n\t\t\t\t<\/div>\n\t\t\t\t<div class=\"elementor-element elementor-element-604845d elementor-mobile-align-center elementor-invisible elementor-widget elementor-widget-button\" data-id=\"604845d\" data-element_type=\"widget\" data-e-type=\"widget\" data-settings=\"{&quot;_animation&quot;:&quot;fadeInRight&quot;}\" data-widget_type=\"button.default\">\n\t\t\t\t<div class=\"elementor-widget-container\">\n\t\t\t\t\t\t\t\t\t<div class=\"elementor-button-wrapper\">\n\t\t\t\t\t<a class=\"elementor-button elementor-button-link elementor-size-sm\" href=\"https:\/\/holiday-kainz.com\/de\/beruehrung\/\">\n\t\t\t\t\t\t<span class=\"elementor-button-content-wrapper\">\n\t\t\t\t\t\t\t\t\t<span class=\"elementor-button-text\">Termin vereinbaren<\/span>\n\t\t\t\t\t<\/span>\n\t\t\t\t\t<\/a>\n\t\t\t\t<\/div>\n\t\t\t\t\t\t\t\t<\/div>\n\t\t\t\t<\/div>\n\t\t\t\t<\/div>\n\t\t\t\t\t<\/div>\n\t\t\t\t<\/div>\n\t\t<div class=\"elementor-element elementor-element-8f7e794 e-flex e-con-boxed e-con e-parent\" data-id=\"8f7e794\" data-element_type=\"container\" data-e-type=\"container\" data-settings=\"{&quot;_ha_eqh_enable&quot;:false}\">\n\t\t\t\t\t<div class=\"e-con-inner\">\n\t\t<div class=\"elementor-element elementor-element-7aee37c e-con-full e-flex e-con e-child\" data-id=\"7aee37c\" data-element_type=\"container\" data-e-type=\"container\" data-settings=\"{&quot;_ha_eqh_enable&quot;:false}\">\n\t\t\t\t<div class=\"elementor-element elementor-element-99baade elementor-widget__width-initial elementor-widget elementor-widget-heading\" data-id=\"99baade\" data-element_type=\"widget\" data-e-type=\"widget\" data-widget_type=\"heading.default\">\n\t\t\t\t<div class=\"elementor-widget-container\">\n\t\t\t\t\t<h3 class=\"elementor-heading-title elementor-size-default\">Organisation und Sicherheit<\/h3>\t\t\t\t<\/div>\n\t\t\t\t<\/div>\n\t\t\t\t<div class=\"elementor-element elementor-element-e02fb80 elementor-widget elementor-widget-text-editor\" data-id=\"e02fb80\" data-element_type=\"widget\" data-e-type=\"widget\" data-widget_type=\"text-editor.default\">\n\t\t\t\t<div class=\"elementor-widget-container\">\n\t\t\t\t\t\t\t\t\t<p>Gerade auf Mallorca ist es ein gro\u00dfer Vorteil, eine vertrauensw\u00fcrdige Person vor Ort zu haben, die w\u00e4hrend Ihrer Abwesenheit f\u00fcr Ihre Immobilie zust\u00e4ndig ist.<\/p>\n<p>Dar\u00fcber hinaus sorgen wir f\u00fcr eine angemessene Wartung und Instandsetzung, f\u00fchren anfallende Umbauarbeiten durch und \u00fcberwachen die Arbeiten.<\/p>\n<p>Wenn Sie keine Zeit haben oder keine Lust haben, alles alleine zu machen, \u00fcbernehmen wir all diese Aufgaben.<\/p>\n<p>Einem erholsamen Aufenthalt steht also nichts im Wege, wenn Sie die l\u00e4stigen Kleinigkeiten rund um Ihr Eigentum in unsere H\u00e4nde legen!<\/p>\n\t\t\t\t\t\t\t\t<\/div>\n\t\t\t\t<\/div>\n\t\t\t\t<div class=\"elementor-element elementor-element-6b14702 elementor-invisible elementor-widget elementor-widget-button\" data-id=\"6b14702\" data-element_type=\"widget\" data-e-type=\"widget\" data-settings=\"{&quot;_animation&quot;:&quot;fadeInRight&quot;}\" data-widget_type=\"button.default\">\n\t\t\t\t<div class=\"elementor-widget-container\">\n\t\t\t\t\t\t\t\t\t<div class=\"elementor-button-wrapper\">\n\t\t\t\t\t<a class=\"elementor-button elementor-button-link elementor-size-sm\" href=\"#\">\n\t\t\t\t\t\t<span class=\"elementor-button-content-wrapper\">\n\t\t\t\t\t\t\t\t\t<span class=\"elementor-button-text\">Termin vereinbaren<\/span>\n\t\t\t\t\t<\/span>\n\t\t\t\t\t<\/a>\n\t\t\t\t<\/div>\n\t\t\t\t\t\t\t\t<\/div>\n\t\t\t\t<\/div>\n\t\t\t\t<\/div>\n\t\t<div class=\"elementor-element elementor-element-e071286 e-con-full e-flex e-con e-child\" data-id=\"e071286\" data-element_type=\"container\" data-e-type=\"container\" data-settings=\"{&quot;background_background&quot;:&quot;classic&quot;,&quot;_ha_eqh_enable&quot;:false}\">\n\t\t\t\t<\/div>\n\t\t\t\t\t<\/div>\n\t\t\t\t<\/div>\n\t\t<div class=\"elementor-element elementor-element-47bf066 e-flex e-con-boxed e-con e-parent\" data-id=\"47bf066\" data-element_type=\"container\" data-e-type=\"container\" data-settings=\"{&quot;_ha_eqh_enable&quot;:false}\">\n\t\t\t\t\t<div class=\"e-con-inner\">\n\t\t<div class=\"elementor-element elementor-element-8532fbd e-con-full e-flex e-con e-child\" data-id=\"8532fbd\" data-element_type=\"container\" data-e-type=\"container\" data-settings=\"{&quot;background_background&quot;:&quot;classic&quot;,&quot;_ha_eqh_enable&quot;:false}\">\n\t\t\t\t<\/div>\n\t\t<div class=\"elementor-element elementor-element-bf5798f e-con-full e-flex e-con e-child\" data-id=\"bf5798f\" data-element_type=\"container\" data-e-type=\"container\" data-settings=\"{&quot;_ha_eqh_enable&quot;:false}\">\n\t\t\t\t<div class=\"elementor-element elementor-element-25bd0a3 elementor-widget__width-initial elementor-widget elementor-widget-heading\" data-id=\"25bd0a3\" data-element_type=\"widget\" data-e-type=\"widget\" data-widget_type=\"heading.default\">\n\t\t\t\t<div class=\"elementor-widget-container\">\n\t\t\t\t\t<h3 class=\"elementor-heading-title elementor-size-default\">Hausmeisterdienste<\/h3>\t\t\t\t<\/div>\n\t\t\t\t<\/div>\n\t\t\t\t<div class=\"elementor-element elementor-element-f123a0d elementor-widget elementor-widget-text-editor\" data-id=\"f123a0d\" data-element_type=\"widget\" data-e-type=\"widget\" data-widget_type=\"text-editor.default\">\n\t\t\t\t<div class=\"elementor-widget-container\">\n\t\t\t\t\t\t\t\t\t<p>Neben den bereits genannten Punkten bieten wir auch: <span style=\"color: var( --e-global-color-secondary ); letter-spacing: 0px; text-align: var(--text-align);\"><br \/><\/span><\/p>\n<ul>\n<li>Gartenpflege<\/li>\n<li>Poolreinigung und -pflege<\/li>\n<li>Objektreinigung<\/li>\n<li>\u00dcberwachung<\/li>\n<li>Post-Sammlung<\/li>\n<li>Reparaturservice und Wartung<\/li>\n<\/ul>\n<p><strong><br \/>Energetische Reinigung<\/strong><br \/>Die meisten unserer Objekte werden auch energetisch gereinigt. Das positive Feedback unserer Kunden ist, dass sie unbewusst ein h\u00f6heres Ma\u00df an Komfort und Wohlbefinden in den energetisch gereinigten Objekten gesp\u00fcrt haben.  <\/p>\n\t\t\t\t\t\t\t\t<\/div>\n\t\t\t\t<\/div>\n\t\t\t\t<div class=\"elementor-element elementor-element-418c592 elementor-mobile-align-center elementor-invisible elementor-widget elementor-widget-button\" data-id=\"418c592\" data-element_type=\"widget\" data-e-type=\"widget\" data-settings=\"{&quot;_animation&quot;:&quot;fadeInRight&quot;}\" data-widget_type=\"button.default\">\n\t\t\t\t<div class=\"elementor-widget-container\">\n\t\t\t\t\t\t\t\t\t<div class=\"elementor-button-wrapper\">\n\t\t\t\t\t<a class=\"elementor-button elementor-button-link elementor-size-sm\" href=\"#\">\n\t\t\t\t\t\t<span class=\"elementor-button-content-wrapper\">\n\t\t\t\t\t\t\t\t\t<span class=\"elementor-button-text\">Termin vereinbaren<\/span>\n\t\t\t\t\t<\/span>\n\t\t\t\t\t<\/a>\n\t\t\t\t<\/div>\n\t\t\t\t\t\t\t\t<\/div>\n\t\t\t\t<\/div>\n\t\t\t\t<\/div>\n\t\t\t\t\t<\/div>\n\t\t\t\t<\/div>\n\t\t<div class=\"elementor-element elementor-element-f404784 e-flex e-con-boxed e-con e-parent\" data-id=\"f404784\" data-element_type=\"container\" data-e-type=\"container\" data-settings=\"{&quot;_ha_eqh_enable&quot;:false}\">\n\t\t\t\t\t<div class=\"e-con-inner\">\n\t\t<div class=\"elementor-element elementor-element-6a8359c e-con-full e-flex e-con e-child\" data-id=\"6a8359c\" data-element_type=\"container\" data-e-type=\"container\" data-settings=\"{&quot;_ha_eqh_enable&quot;:false}\">\n\t\t\t\t<div class=\"elementor-element elementor-element-2a7ec87 elementor-widget__width-initial elementor-widget elementor-widget-heading\" data-id=\"2a7ec87\" data-element_type=\"widget\" data-e-type=\"widget\" data-widget_type=\"heading.default\">\n\t\t\t\t<div class=\"elementor-widget-container\">\n\t\t\t\t\t<h3 class=\"elementor-heading-title elementor-size-default\">Immobilienkonzepte<\/h3>\t\t\t\t<\/div>\n\t\t\t\t<\/div>\n\t\t\t\t<div class=\"elementor-element elementor-element-88a0659 elementor-widget elementor-widget-text-editor\" data-id=\"88a0659\" data-element_type=\"widget\" data-e-type=\"widget\" data-widget_type=\"text-editor.default\">\n\t\t\t\t<div class=\"elementor-widget-container\">\n\t\t\t\t\t\t\t\t\t<p>Eine unserer Kernaufgaben ist es, f\u00fcr Sie ma\u00dfgeschneiderte Immobilienkonzepte zu entwickeln und umzusetzen. Egal, ob Sie bereits Hausbesitzer sind oder k\u00fcrzlich ein Haus gekauft haben, wenn Sie keine Zeit haben, sich um Ihr Haus zu k\u00fcmmern, entwickeln wir ein Konzept, das speziell auf Ihre individuellen Bed\u00fcrfnisse zugeschnitten ist. Dadurch ist es f\u00fcr Sie einfacher, Ihr Haus gewinnbringend zu vermieten oder zu verkaufen.<\/p>\n<p>Nach jahrelanger Erfahrung k\u00f6nnen wir Sie \u00fcber die Investitionen informieren, die Sie t\u00e4tigen sollten, um Ihr Haus zur langfristigen oder kurzfristigen Vermietung oder zum Verkauf anbieten zu k\u00f6nnen.<\/p>\n<p>Wir geben Empfehlungen zur Renovierung, Sanierung oder Beaufsichtigung Ihres Hauses, um Ihnen die Entscheidungsfindung zu erleichtern. Und auf Wunsch betreuen wir das gesamte Projekt von A-Z.<\/p>\n\t\t\t\t\t\t\t\t<\/div>\n\t\t\t\t<\/div>\n\t\t\t\t<div class=\"elementor-element elementor-element-3e84b73 elementor-mobile-align-center elementor-invisible elementor-widget elementor-widget-button\" data-id=\"3e84b73\" data-element_type=\"widget\" data-e-type=\"widget\" data-settings=\"{&quot;_animation&quot;:&quot;fadeInRight&quot;}\" data-widget_type=\"button.default\">\n\t\t\t\t<div class=\"elementor-widget-container\">\n\t\t\t\t\t\t\t\t\t<div class=\"elementor-button-wrapper\">\n\t\t\t\t\t<a class=\"elementor-button elementor-button-link elementor-size-sm\" href=\"http:\/\/c\">\n\t\t\t\t\t\t<span class=\"elementor-button-content-wrapper\">\n\t\t\t\t\t\t\t\t\t<span class=\"elementor-button-text\">Termin vereinbaren<\/span>\n\t\t\t\t\t<\/span>\n\t\t\t\t\t<\/a>\n\t\t\t\t<\/div>\n\t\t\t\t\t\t\t\t<\/div>\n\t\t\t\t<\/div>\n\t\t\t\t<\/div>\n\t\t<div class=\"elementor-element elementor-element-eb7e15b e-con-full e-flex e-con e-child\" data-id=\"eb7e15b\" data-element_type=\"container\" data-e-type=\"container\" data-settings=\"{&quot;background_background&quot;:&quot;classic&quot;,&quot;_ha_eqh_enable&quot;:false}\">\n\t\t\t\t<\/div>\n\t\t\t\t\t<\/div>\n\t\t\t\t<\/div>\n\t\t\t\t<\/div>\n\t\t","protected":false},"excerpt":{"rendered":"<p>Dienstleistungen Wir k\u00f6nnen Sie als Eigent\u00fcmer auf verschiedene Weise unterst\u00fctzen. Wir k\u00fcmmern uns um Ihre Immobilie Bitte kontaktieren Sie mich f\u00fcr weitere Informationen Durch intelligentes Management, modernes Marketing und sinnvoll erstellte Renovierungskonzepte, verbessern wir die finanzielle Rendite Ihres Hauses, basieren auf dem Wunsch zu vermieten oder zu verkaufen. Beratung Sparen Sie Zeit und Nerven! Sie [&hellip;]<\/p>\n","protected":false},"author":1,"featured_media":0,"parent":0,"menu_order":0,"comment_status":"closed","ping_status":"closed","template":"elementor_header_footer","meta":{"footnotes":""},"class_list":["post-1963","page","type-page","status-publish","hentry"],"_links":{"self":[{"href":"https:\/\/holiday-kainz.com\/de\/wp-json\/wp\/v2\/pages\/1963","targetHints":{"allow":["GET"]}}],"collection":[{"href":"https:\/\/holiday-kainz.com\/de\/wp-json\/wp\/v2\/pages"}],"about":[{"href":"https:\/\/holiday-kainz.com\/de\/wp-json\/wp\/v2\/types\/page"}],"author":[{"embeddable":true,"href":"https:\/\/holiday-kainz.com\/de\/wp-json\/wp\/v2\/users\/1"}],"replies":[{"embeddable":true,"href":"https:\/\/holiday-kainz.com\/de\/wp-json\/wp\/v2\/comments?post=1963"}],"version-history":[{"count":16,"href":"https:\/\/holiday-kainz.com\/de\/wp-json\/wp\/v2\/pages\/1963\/revisions"}],"predecessor-version":[{"id":2448,"href":"https:\/\/holiday-kainz.com\/de\/wp-json\/wp\/v2\/pages\/1963\/revisions\/2448"}],"wp:attachment":[{"href":"https:\/\/holiday-kainz.com\/de\/wp-json\/wp\/v2\/media?parent=1963"}],"curies":[{"name":"wp","href":"https:\/\/api.w.org\/{rel}","templated":true}]}}