{"id":1967,"date":"2023-02-06T15:40:26","date_gmt":"2023-02-06T14:40:26","guid":{"rendered":"https:\/\/holiday-kainz.com\/allgemeine-geschaeftsbedingungen-agb\/"},"modified":"2023-06-10T11:39:03","modified_gmt":"2023-06-10T09:39:03","slug":"allgemeine-geschaeftsbedingungen-agb","status":"publish","type":"page","link":"https:\/\/holiday-kainz.com\/de\/allgemeine-geschaeftsbedingungen-agb\/","title":{"rendered":"Allgemeine Gesch\u00e4ftsbedingungen (AGB)"},"content":{"rendered":"\t\t<div data-elementor-type=\"wp-page\" data-elementor-id=\"1967\" class=\"elementor elementor-1967 elementor-970\" data-elementor-settings=\"{&quot;ha_cmc_init_switcher&quot;:&quot;no&quot;}\" data-elementor-post-type=\"page\">\n\t\t\t\t\t\t<section class=\"elementor-section elementor-top-section elementor-element elementor-element-5306da2b elementor-section-full_width elementor-section-height-default elementor-section-height-default\" data-id=\"5306da2b\" data-element_type=\"section\" data-e-type=\"section\" data-settings=\"{&quot;_ha_eqh_enable&quot;:false}\">\n\t\t\t\t\t\t<div class=\"elementor-container elementor-column-gap-no\">\n\t\t\t\t\t<div class=\"elementor-column elementor-col-50 elementor-top-column elementor-element elementor-element-33fcdd0c\" data-id=\"33fcdd0c\" data-element_type=\"column\" data-e-type=\"column\" data-settings=\"{&quot;background_background&quot;:&quot;classic&quot;}\">\n\t\t\t<div class=\"elementor-widget-wrap elementor-element-populated\">\n\t\t\t\t\t<div class=\"elementor-background-overlay\"><\/div>\n\t\t\t\t\t\t<section class=\"elementor-section elementor-inner-section elementor-element elementor-element-2cc6d508 elementor-section-full_width elementor-section-height-default elementor-section-height-default\" data-id=\"2cc6d508\" data-element_type=\"section\" data-e-type=\"section\" data-settings=\"{&quot;_ha_eqh_enable&quot;:false}\">\n\t\t\t\t\t\t<div class=\"elementor-container elementor-column-gap-no\">\n\t\t\t\t\t<div class=\"elementor-column elementor-col-100 elementor-inner-column elementor-element elementor-element-7ba28d43\" data-id=\"7ba28d43\" data-element_type=\"column\" data-e-type=\"column\">\n\t\t\t<div class=\"elementor-widget-wrap elementor-element-populated\">\n\t\t\t\t\t\t<div class=\"elementor-element elementor-element-28bab453 animated-slow elementor-invisible elementor-widget elementor-widget-heading\" data-id=\"28bab453\" data-element_type=\"widget\" data-e-type=\"widget\" data-settings=\"{&quot;_animation&quot;:&quot;fadeInRight&quot;,&quot;_animation_delay&quot;:400}\" data-widget_type=\"heading.default\">\n\t\t\t\t<div class=\"elementor-widget-container\">\n\t\t\t\t\t<h2 class=\"elementor-heading-title elementor-size-default\">Allgemeine Gesch\u00e4ftsbedingungen (AGB)<\/h2>\t\t\t\t<\/div>\n\t\t\t\t<\/div>\n\t\t\t\t<div class=\"elementor-element elementor-element-8ec19ce elementor-widget elementor-widget-text-editor\" data-id=\"8ec19ce\" data-element_type=\"widget\" data-e-type=\"widget\" data-widget_type=\"text-editor.default\">\n\t\t\t\t<div class=\"elementor-widget-container\">\n\t\t\t\t\t\t\t\t\t<p>Unser Kleingedrucktes<\/p>\n\t\t\t\t\t\t\t\t<\/div>\n\t\t\t\t<\/div>\n\t\t\t\t<div class=\"elementor-element elementor-element-7ccd238 elementor-align-center elementor-widget elementor-widget-button\" data-id=\"7ccd238\" data-element_type=\"widget\" data-e-type=\"widget\" data-widget_type=\"button.default\">\n\t\t\t\t<div class=\"elementor-widget-container\">\n\t\t\t\t\t\t\t\t\t<div class=\"elementor-button-wrapper\">\n\t\t\t\t\t<a class=\"elementor-button elementor-button-link elementor-size-sm\" href=\"https:\/\/holiday-kainz.com\/de\/mallorca-haeuser\/\">\n\t\t\t\t\t\t<span class=\"elementor-button-content-wrapper\">\n\t\t\t\t\t\t\t\t\t<span class=\"elementor-button-text\">Zu den H\u00e4usern<\/span>\n\t\t\t\t\t<\/span>\n\t\t\t\t\t<\/a>\n\t\t\t\t<\/div>\n\t\t\t\t\t\t\t\t<\/div>\n\t\t\t\t<\/div>\n\t\t\t\t\t<\/div>\n\t\t<\/div>\n\t\t\t\t\t<\/div>\n\t\t<\/section>\n\t\t\t\t\t<\/div>\n\t\t<\/div>\n\t\t\t\t<div class=\"elementor-column elementor-col-50 elementor-top-column elementor-element elementor-element-7e409d19\" data-id=\"7e409d19\" data-element_type=\"column\" data-e-type=\"column\" data-settings=\"{&quot;background_background&quot;:&quot;classic&quot;}\">\n\t\t\t<div class=\"elementor-widget-wrap elementor-element-populated\">\n\t\t\t\t\t<div class=\"elementor-background-overlay\"><\/div>\n\t\t\t\t\t\t<section class=\"elementor-section elementor-inner-section elementor-element elementor-element-6173afa elementor-section-boxed elementor-section-height-default elementor-section-height-default\" data-id=\"6173afa\" data-element_type=\"section\" data-e-type=\"section\" data-settings=\"{&quot;_ha_eqh_enable&quot;:false}\">\n\t\t\t\t\t\t<div class=\"elementor-container elementor-column-gap-no\">\n\t\t\t\t\t<div class=\"elementor-column elementor-col-100 elementor-inner-column elementor-element elementor-element-343a1578\" data-id=\"343a1578\" data-element_type=\"column\" data-e-type=\"column\" data-settings=\"{&quot;background_background&quot;:&quot;classic&quot;}\">\n\t\t\t<div class=\"elementor-widget-wrap elementor-element-populated\">\n\t\t\t\t\t<div class=\"elementor-background-overlay\"><\/div>\n\t\t\t\t\t\t<div class=\"elementor-element elementor-element-72f7ebfe ha-has-bg-overlay elementor-widget elementor-widget-image\" data-id=\"72f7ebfe\" data-element_type=\"widget\" data-e-type=\"widget\" data-widget_type=\"image.default\">\n\t\t\t\t<div class=\"elementor-widget-container\">\n\t\t\t\t\t\t\t\t\t\t\t\t\t\t\t<img fetchpriority=\"high\" decoding=\"async\" width=\"960\" height=\"1280\" src=\"https:\/\/holiday-kainz.com\/wp-content\/uploads\/2023\/02\/hams-995850_1280.jpg\" class=\"attachment-full size-full wp-image-1483\" alt=\"\" srcset=\"https:\/\/holiday-kainz.com\/wp-content\/uploads\/2023\/02\/hams-995850_1280.jpg 960w, https:\/\/holiday-kainz.com\/wp-content\/uploads\/2023\/02\/hams-995850_1280-225x300.jpg 225w, https:\/\/holiday-kainz.com\/wp-content\/uploads\/2023\/02\/hams-995850_1280-768x1024.jpg 768w\" sizes=\"(max-width: 960px) 100vw, 960px\" \/>\t\t\t\t\t\t\t\t\t\t\t\t\t\t\t<\/div>\n\t\t\t\t<\/div>\n\t\t\t\t\t<\/div>\n\t\t<\/div>\n\t\t\t\t\t<\/div>\n\t\t<\/section>\n\t\t\t\t\t<\/div>\n\t\t<\/div>\n\t\t\t\t\t<\/div>\n\t\t<\/section>\n\t\t\t\t<section class=\"elementor-section elementor-inner-section elementor-element elementor-element-353282e7 elementor-section-boxed elementor-section-height-default elementor-section-height-default\" data-id=\"353282e7\" data-element_type=\"section\" data-e-type=\"section\" data-settings=\"{&quot;_ha_eqh_enable&quot;:false}\">\n\t\t\t\t\t\t<div class=\"elementor-container elementor-column-gap-wide\">\n\t\t\t\t\t<div class=\"elementor-column elementor-col-50 elementor-inner-column elementor-element elementor-element-1981ba32\" data-id=\"1981ba32\" data-element_type=\"column\" data-e-type=\"column\">\n\t\t\t<div class=\"elementor-widget-wrap elementor-element-populated\">\n\t\t\t\t\t\t<div class=\"elementor-element elementor-element-89d27d elementor-widget elementor-widget-text-editor\" data-id=\"89d27d\" data-element_type=\"widget\" data-e-type=\"widget\" data-widget_type=\"text-editor.default\">\n\t\t\t\t<div class=\"elementor-widget-container\">\n\t\t\t\t\t\t\t\t\t<p><strong>A. Grundlagen<br \/><\/strong><span style=\"font-size: 14px;\"><b>Der 1<\/b>. Die Firma Holiday Kainz ist als Vermittler von Ferienunterk\u00fcnften (Ferienh\u00e4user, Ferienwohnungen und \u00e4hnliche Unterk\u00fcnfte) und touristischen Dienstleistungen (z.B. Reiseversicherung, Autovermietung, Fahrradverleih, Golfpakete, Ausfl\u00fcge) t\u00e4tig. Die Urlaubs- und touristischen Dienstleistungen kommen von verschiedenen Anbietern wie z.B. von Reiseveranstaltern, lokalen Agenturen, privaten Vermietern und lokalen Clubs.<br \/><\/span><span style=\"font-size: 14px;\"><b>2<\/b>. Zu diesem Zweck betreibt Holiday Kainz auf seiner eigenen Website eine Online-Buchungsmaschine. Wenn diese Anspr\u00fcche geltend gemacht werden, gelten die vorliegenden Vertragsbedingungen. Sie gelten ausschlie\u00dflich; Abweichenden Gesch\u00e4ftsbedingungen des Nutzers wird von der Firma Holiday Kainz widersprochen. Die Buchungsplattform besteht unter anderem aus einer Suchfunktion, einer Darstellung der Ferienunterk\u00fcnfte und weiteren touristischen Leistungen mit Bildern, Verf\u00fcgbarkeiten, Preisen und der M\u00f6glichkeit, eine Buchung vorzunehmen.<br \/><\/span><span style=\"font-size: 14px;\"><b>3<\/b>. Die Firma Holiday Kainz tritt ausschlie\u00dflich als Vermittler von Vertr\u00e4gen \u00fcber Ferienvermietungen und touristische Leistungen auf und vermittelt diese Vertr\u00e4ge im Namen und auf Rechnung der jeweiligen Anbieter. Mit dem Eingang eines Buchungsauftrages kommt daher nur ein Vertrag zwischen dem Kunden und der Firma Holiday Kainz zustande, dessen Gegenstand die Vermittlung von Ferienunterk\u00fcnften und\/oder touristischen Dienstleistungen ist.<br \/><\/span><span style=\"font-size: 14px;\"><b>Der 4<\/b>. Grundlage der Buchung einer Urlaubs- oder touristischen Leistung ist die detaillierte, anhand der Angaben des jeweiligen Anbieters bereitgestellte Beschreibung der angebotenen Urlaubs- und\/oder sonstigen Leistungen. Auswahlkriterien und Beschreibungen bei der Online-Recherche oder Kurztext dienen lediglich der Orientierung und stellen kein verbindliches Vertragsangebot der Firma Holiday Kainz und\/oder des jeweiligen Anbieters dar. Vielmehr handelt es sich um eine Aufforderung an den Kunden, ein Angebot zum Abschluss eines Vertrages mit dem jeweiligen Anbieter der Urlaubs- oder touristischen Dienstleistung. Ein Kunde gibt sein Angebot ab, indem er das Buchungsformular ausf\u00fcllt und an Holiday Kainz sendet. In diesem Buchungsauftrag m\u00fcssen Sie mehrere Pflichtfelder ausf\u00fcllen, die als solche gekennzeichnet sind. Neben den Personalien des\/der Buchers mit Post- und E-Mail-Adresse und den Angaben, welche touristische Leistung f\u00fcr welche Dauer und f\u00fcr welche Dauer ben\u00f6tigt wird, beziehen sie sich auf die Anzahl der Reiseteilnehmer, deren Alter und ggf. die Begleittiere, die f\u00fcr die Art und Rasse ben\u00f6tigt werden. Der Zugang des Angebots best\u00e4tigt die Firma Holiday Kainz per E-Mail. Der Kunde ist an sein Vertragsangebot f\u00fcr die Dauer von sieben Tagen gebunden. W\u00e4hrend dieses Zeitraums nimmt die Firma Holiday Kainz im Auftrag des Anbieters oder des Anbieters entweder die Annahme des Angebots durch oder sendet dem Kunden ein neues Vertragsangebot, welches er innerhalb der darin angegebenen Frist annehmen kann. Mit Abgabe einer Buchungsbest\u00e4tigung oder Annahme des neuen Angebots durch die Firma Holiday Kainz oder den Anbieter durch den Kunden kommt der Vertrag \u00fcber die Ferienunterkunft und ggf. gebuchte touristische Leistungen zustande.  <br \/><b>6<\/b>. Soweit im vermittelten Vertrag \u00fcber die Ferienunterkunft und\/oder touristische Leistungen eigene Gesch\u00e4ftsbedingungen jedes Anbieters mit detaillierten Regelungen (Zahlungsbedingungen, Laufzeiten, Haftung, Umbuchung, Stornierung und sonstige Verpflichtungen und Obliegenheiten des Kunden) bezeichnet und als Grundlage f\u00fcr die Bereitstellung solcher Informationen dem Kunden zur Einsichtnahme und Abnahme herangezogen werden.<br \/><\/span><span style=\"font-size: 14px;\"><b>7<\/b>. Die Vertragsbestandteile der Buchung werden von der Firma Holiday Kainz entsprechend den gesetzlichen Bestimmungen gespeichert und verarbeitet. Die Firma Holiday Kainz erkl\u00e4rt ausdr\u00fccklich, die einschl\u00e4gigen datenschutzrechtlichen Bestimmungen zu beachten.<\/span><span style=\"font-size: 14px;\"><br \/><\/span><\/p>\n<p><b>B. Buchungsabwicklung \/ Zahlungen<\/b><br \/>Bei Vertragsabschluss hat der Kunde eine Anzahlung von 30% zu leisten, die auf den Preis des Ferienhauses oder der touristischen Dienstleistungen angerechnet wird. Die Anzahlung ist zum Zeitpunkt der Buchung f\u00e4llig, die Restzahlung mindestens 60 Tage vor Reiseantritt. Bei Buchungen, die 60 Tage vor Reisebeginn get\u00e4tigt werden, ist der gesamte Mietbetrag sofort zu bezahlen. Details zum Zahlungsvorgang finden Sie in der Buchungsbest\u00e4tigung. Ist der Anbieter der vermittelten Leistung ein Reiseveranstalter, erh\u00e4lt der Kunde bei Zahlung einen Sicherheitsvermerk oder einen anderen geeigneten Nachweis der Kundengeldabsicherung.<\/p>\n<p><b>C. Buchung und Reiseunterlagen<\/b><br \/>Nach Zahlung des vollen Miet- bzw. Reisepreises erfolgt der Kunde 14 Tage vor Reiseantritt durch den Anbieter oder durch die Firma Holiday Kainz seine Reiseunterlagen per Post.<\/p>\n<p><b>D. Umbuchung, Stornierung<\/b><br \/>Aufgrund kurzfristiger Stornierungen, Umbuchungen, R\u00fccktritt und entstandener Verlustkosten, die die Firma Holiday Kainz passieren muss, bitten wir unsere Kunden, den gebuchten Aufenthalt mit einer Reiser\u00fccktrittsversicherung oder Abbruchversicherung abzusichern, damit der Schaden im Falle eines Eintritts gering bleibt.<br \/>Wir berechnen folgende Stornogeb\u00fchren:<\/p>\n<ul>\n<li>Bis 14 Tage vor Anreise 30%<\/li>\n<li>13 bis 4 Tage vor Anreise 50%<\/li>\n<li>Weniger als 4 Tage 70%<\/li>\n<li>Nichterscheinen 80%<\/li>\n<\/ul>\n<p><span style=\"font-size: 14px;\">Holiday Kainz ist berechtigt, diese Kosten im Namen des Anbieters dem Kunden in Rechnung zu stellen und diese Betr\u00e4ge vom Kunden einzuziehen oder einzubehalten, soweit diese Kosten aufgrund von Umst\u00e4nden entstehen, die der Kunde zu vertreten hat.<\/span><\/p>\n<p><b>E. Weitergabe von Daten<\/b><br \/>Die Firma Holiday Kainz erhebt und verwendet die Kundendaten gem\u00e4\u00df den datenschutzrechtlichen Bestimmungen. Zur Abwicklung der Buchung leitet die Firma Holiday Kainz die vom Kunden eingegebenen personenbezogenen Daten an den jeweiligen Anbieter weiter.<\/p>\n<p><b>F. Aufgaben des Kunden<\/b><br \/><b>1.<\/b>  Im beiderseitigen Interesse ist der Kunde verpflichtet, die Buchungsbest\u00e4tigung und die Reiseunterlagen auf Vollst\u00e4ndigkeit und Richtigkeit zu \u00fcberpr\u00fcfen und die Firma Holiday Kainz bzw. den Anbieter der Ferien- oder touristischen Leistungen unverz\u00fcglich, sp\u00e4testens jedoch am dritten Tag nach Erhalt, \u00fcber Fehler oder Abweichungen zu informieren. Nicht angezeigte Fehler oder Abweichungen gelten als akzeptiert.  <br \/><b>2<\/b> . Jeder Kunde hat sich an die Firma Holiday Kainz oder den Anbieter touristischer Dienstleistungen zu wenden, wenn er trotz vollst\u00e4ndiger Bezahlung des Miet- oder Reisepreises nicht mindestens 14 Tage vor Reiseantritt seine Reiseunterlagen erhalten hat.  <br \/><b>3<\/b>. M\u00e4ngel in den Vermittlungsleistungen der Firma Holiday Kainz sind ihr unverz\u00fcglich anzuzeigen; Soweit zumutbar, besteht die M\u00f6glichkeit, Abhilfe zu schaffen. Vers\u00e4umt es schuldhafte Anzeige eines Mangels, erl\u00f6schen alle Anspr\u00fcche des Kunden aus dem Vermittlungsvertrag, soweit dem Kunden eine zumutbare Abhilfe durch die Firma Holiday Kainz m\u00f6glich gewesen w\u00e4re.<\/p>\n\t\t\t\t\t\t\t\t<\/div>\n\t\t\t\t<\/div>\n\t\t\t\t\t<\/div>\n\t\t<\/div>\n\t\t\t\t<div class=\"elementor-column elementor-col-50 elementor-inner-column elementor-element elementor-element-566e0247\" data-id=\"566e0247\" data-element_type=\"column\" data-e-type=\"column\">\n\t\t\t<div class=\"elementor-widget-wrap elementor-element-populated\">\n\t\t\t\t\t\t<div class=\"elementor-element elementor-element-1a5eee74 elementor-widget elementor-widget-text-editor\" data-id=\"1a5eee74\" data-element_type=\"widget\" data-e-type=\"widget\" data-widget_type=\"text-editor.default\">\n\t\t\t\t<div class=\"elementor-widget-container\">\n\t\t\t\t\t\t\t\t\t<p><span style=\"font-size: 14px;\"><b>Der 4<\/b>. M\u00e4ngel in der gebuchten Ferienunterkunft oder M\u00e4ngel der touristischen Leistungen, die w\u00e4hrend des Aufenthalts auftreten, sind dem Anbieter unverz\u00fcglich vor Ort anzuzeigen, um ihm Gelegenheit zur Behebung zu geben. Nach seiner Reise kann der Besteller dem Lieferer eine weitere M\u00e4ngelr\u00fcge schriftlich zukommen lassen. Der Kunde findet die Adresse und Telefonnummer des Anbieters in seinen Reiseunterlagen. Gesetzliche Fristen sind einzuhalten. Wenn der Kunde die M\u00e4ngel jedoch nicht bereits w\u00e4hrend des Aufenthalts gemeldet hat, ist der Anbieter nicht verpflichtet, die Reklamation zu ber\u00fccksichtigen. Wenn der Kunde seine Beschwerde an die Firma Holiday Kainz sendet, wird diese diese an den jeweiligen Anbieter weiterleiten.  <br \/><\/span><span style=\"font-size: 14px;\"><b>5<\/b> . Nur voll gesch\u00e4ftsf\u00e4hige Personen sind berechtigt, Urlaubs- und touristische Dienstleistungen bei der Firma Holiday Kainz zu buchen.<\/span><\/p>\n<p><span style=\"font-size: 14px;\"><b>3. Reisehinweise zu Versicherungs- und Pass-, Visa-, Devisen- und Gesundheitsvorschriften<\/b> <br \/><b>Der 1<\/b>. Holiday Kainz weist auf die M\u00f6glichkeit hin, eine Reiser\u00fccktrittsversicherung und eine Versicherung zur Deckung der Kosten f\u00fcr die Behandlung oder R\u00fcckf\u00fchrung bei einem Unfall oder einer Krankheit im Ausland abzuschlie\u00dfen.  <br \/><b>2<\/b>. Jeder Kunde ist f\u00fcr die Einhaltung der geltenden in- und ausl\u00e4ndischen Ein- und Ausreisebestimmungen, Gesundheitsvorschriften, Passbestimmungen (G\u00fcltigkeitsdauer der Dokumente) und Bestimmungen f\u00fcr die Einf\u00fchrung von Haustieren verantwortlich.  <br \/><b>3<\/b>. Reisehinweise, Gesundheitshinweise und dergleichen stehen den Kunden auf der Website des Ausw\u00e4rtigen Amts zur Verf\u00fcgung.  <\/span><span style=\"font-size: 14px;\"><br \/><\/span><\/p>\n<p><b>G. Haftung der Firma Holiday Kainz<br \/><\/b><span style=\"font-size: 14px;\"><b>Der 1<\/b>. Die Firma Holiday Kainz haftet nicht f\u00fcr den Erfolg der Vermittlung und\/oder der einwandfreien\/tats\u00e4chlichen Erbringung von Ferienunterk\u00fcnften und\/oder touristischen Leistungen selbst, sondern nur, dass die Vermittlung mit der Sorgfalt eines ordentlichen Kaufmanns erfolgt.  <br \/><\/span><span style=\"font-size: 14px;\"><b>2<\/b>. Holiday Kainz unternimmt angemessene Anstrengungen, um sicherzustellen, dass die auf der Website verf\u00fcgbaren Informationen, Software und sonstigen Daten, insbesondere in Bezug auf Preise, Fristen und Einschr\u00e4nkungen, zum Zeitpunkt der Ver\u00f6ffentlichung korrekt, aktuell und vollst\u00e4ndig sind. Die individuellen Angaben zu den Ferienunterk\u00fcnften und\/oder touristischen Leistungen richten sich nach den Angaben der Anbieter. Eine Haftung hierf\u00fcr \u00fcbernimmt die Firma Holiday Kainz nicht.  <br \/><\/span><span style=\"font-size: 14px;\"><b>3<\/b> . Die Firma Holiday Kainz \u00fcbernimmt keine Gew\u00e4hr f\u00fcr die Richtigkeit, Vollst\u00e4ndigkeit und Zuverl\u00e4ssigkeit fremder Inhalte, wie z.B. Karten, redaktionelle Texte und Bilder von Orten und Regionen.<br \/><\/span><span style=\"font-size: 14px;\"><b>Der 4<\/b>. Die vorstehenden Haftungsbeschr\u00e4nkungen gelten nicht, soweit der Firma Holiday Kainz unrichtige und\/oder unrichtige Angaben bekannt waren oder bei Anwendung handels- und branchen\u00fcblicher Sorgfalt bekannt sein mussten. Eine Haftung der Firma Holiday Kainz auf Schadensersatz, gleich aus welchem Rechtsgrund (insbesondere bei Verzug, M\u00e4ngeln und sonstigen Pflichtverletzungen), ist insoweit nur in F\u00e4llen des Vorsatzes oder der groben Fahrl\u00e4ssigkeit gegeben. Eine weitergehende Haftung ist ausgeschlossen.  <\/span><span style=\"font-size: 14px;\">Im \u00dcbrigen ist diese im Haftungsfall auf den vertragstypischen, vorhersehbaren Schaden und in jedem Fall auf den dreifachen Wert der erbrachten Ferienunterkunft oder touristischen Leistung begrenzt.<br \/><\/span><span style=\"font-size: 14px;\"><b>6<\/b>. Die Firma Holiday Kainz haftet nicht f\u00fcr die Folgen h\u00f6herer Gewalt. Dazu geh\u00f6ren beh\u00f6rdliche Anordnungen, Terroranschl\u00e4ge, \u00dcberschwemmungen, Br\u00e4nde, St\u00fcrme, Unf\u00e4lle, Streiks und sonstige Arbeitskampfma\u00dfnahmen, die die Leistungen von Holiday Kainz oder seinen Erf\u00fcllungsgehilfen beeintr\u00e4chtigen.<\/span><span style=\"font-size: 14px;\"><br \/><\/span><\/p>\n<p><b>6. Schlussbestimmungen<\/b><br \/><b>Der 1<\/b>. Holiday Kainz beh\u00e4lt sich das Recht vor, diese Allgemeinen Gesch\u00e4ftsbedingungen jederzeit mit Wirkung f\u00fcr die Zukunft zu \u00e4ndern, ohne den Kunden dar\u00fcber informieren zu m\u00fcssen. Die neueste Version der Vermittlungsbedingungen wird ab dem Datum ihrer G\u00fcltigkeit auf der Website verf\u00fcgbar sein. Durch die weitere Nutzung der Website nach einer \u00c4nderung der Vermittlungsbedingungen stimmt der Kunde diesen \u00c4nderungen zu.<br \/><b>2<\/b> . Diese Allgemeinen Gesch\u00e4ftsbedingungen enthalten alle Vereinbarungen zwischen dem Kunden und Holiday Kainz und ersetzen alle vorherigen Vereinbarungen, ob schriftlich, elektronisch oder m\u00fcndlich.<br \/><b>3<\/b> . Das Vertragsverh\u00e4ltnis zwischen dem Kunden und der Firma Holiday Kainz unterliegt dem Recht der Bundesrepublik Deutschland, unabh\u00e4ngig von der Staatsangeh\u00f6rigkeit des Kunden. Gerichtsstand f\u00fcr Vollkaufleute, f\u00fcr Personen, die keinen allgemeinen Gerichtsstand im Inland haben, sowie f\u00fcr Personen, die nach Vertragsschluss ihren Wohnsitz oder gew\u00f6hnlichen Aufenthaltsort ins Ausland verlegt haben oder deren Wohnsitz oder gew\u00f6hnlicher Aufenthaltsort im Zeitpunkt der Klageerhebung nicht bekannt ist, ist Traunstein (Deutschland).<br \/><b>4<\/b> . Sollte eine der vorstehenden Bestimmungen unwirksam sein oder werden, so ber\u00fchrt diese Unwirksamkeit die \u00fcbrigen Bestimmungen nicht. Die unwirksame Bestimmung ist durch eine Bestimmung zu ersetzen, die dem wirtschaftlichen Zweck der zu ersetzenden Bestimmung am n\u00e4chsten kommt.<\/p>\n<p>Holiday-Kainz<br \/>Ingrid Kainz<br \/>Bambergerstrasse 4<br \/>9400 Wolfsberg &#8211; \u00d6sterreich<\/p>\n<p>ATU 64797438<br \/><span style=\"font-size: 14px;\"><br \/><\/span><\/p>\n\t\t\t\t\t\t\t\t<\/div>\n\t\t\t\t<\/div>\n\t\t\t\t\t<\/div>\n\t\t<\/div>\n\t\t\t\t\t<\/div>\n\t\t<\/section>\n\t\t\t\t<\/div>\n\t\t","protected":false},"excerpt":{"rendered":"<p>Allgemeine Gesch\u00e4ftsbedingungen (AGB) Unser Kleingedrucktes Zu den H\u00e4usern A. GrundlagenDer 1. Die Firma Holiday Kainz ist als Vermittler von Ferienunterk\u00fcnften (Ferienh\u00e4user, Ferienwohnungen und \u00e4hnliche Unterk\u00fcnfte) und touristischen Dienstleistungen (z.B. Reiseversicherung, Autovermietung, Fahrradverleih, Golfpakete, Ausfl\u00fcge) t\u00e4tig. Die Urlaubs- und touristischen Dienstleistungen kommen von verschiedenen Anbietern wie z.B. von Reiseveranstaltern, lokalen Agenturen, privaten Vermietern und lokalen Clubs.2. [&hellip;]<\/p>\n","protected":false},"author":1,"featured_media":0,"parent":0,"menu_order":0,"comment_status":"closed","ping_status":"closed","template":"elementor_header_footer","meta":{"footnotes":""},"class_list":["post-1967","page","type-page","status-publish","hentry"],"_links":{"self":[{"href":"https:\/\/holiday-kainz.com\/de\/wp-json\/wp\/v2\/pages\/1967","targetHints":{"allow":["GET"]}}],"collection":[{"href":"https:\/\/holiday-kainz.com\/de\/wp-json\/wp\/v2\/pages"}],"about":[{"href":"https:\/\/holiday-kainz.com\/de\/wp-json\/wp\/v2\/types\/page"}],"author":[{"embeddable":true,"href":"https:\/\/holiday-kainz.com\/de\/wp-json\/wp\/v2\/users\/1"}],"replies":[{"embeddable":true,"href":"https:\/\/holiday-kainz.com\/de\/wp-json\/wp\/v2\/comments?post=1967"}],"version-history":[{"count":2,"href":"https:\/\/holiday-kainz.com\/de\/wp-json\/wp\/v2\/pages\/1967\/revisions"}],"predecessor-version":[{"id":2306,"href":"https:\/\/holiday-kainz.com\/de\/wp-json\/wp\/v2\/pages\/1967\/revisions\/2306"}],"wp:attachment":[{"href":"https:\/\/holiday-kainz.com\/de\/wp-json\/wp\/v2\/media?parent=1967"}],"curies":[{"name":"wp","href":"https:\/\/api.w.org\/{rel}","templated":true}]}}